{"id":78,"date":"2017-01-14T13:17:54","date_gmt":"2017-01-14T12:17:54","guid":{"rendered":"http:\/\/new.becsingatlan.com\/pages\/?page_id=78"},"modified":"2024-08-02T16:32:44","modified_gmt":"2024-08-02T15:32:44","slug":"biztos-hozam","status":"publish","type":"page","link":"https:\/\/becsingatlan.com\/pages\/biztos-hozam\/","title":{"rendered":"Biztos hozam"},"content":{"rendered":"<h3>Ingatlanbefektet\u00e9s B\u00e9csben? Egy\u00e9rtelm\u0171en j\u00f3 d\u00f6nt\u00e9s!<\/h3>\n<ul>\n<li>mert befektet\u00e9se \u00e9rt\u00e9ke v\u00e9dve lesz a mindenkori infl\u00e1ci\u00f3t\u00f3l<\/li>\n<li>mert \u00e9rt\u00e9k\u00e1ll\u00f3 \u00e9s garant\u00e1lt az \u00e1lland\u00f3 \u00e9rt\u00e9kn\u00f6veked\u00e9s<\/li>\n<li>mert kisz\u00e1m\u00edthat\u00f3 \u00e9s biztos hozamot jelent \u00d6nnek<\/li>\n<li>mert megfelel\u0151 hasznos\u00edt\u00e1s \u00e1ltal \u00d6n extra j\u00f6vedelemre tesz szert<\/li>\n<\/ul>\n<p>Amikor valaki \u00f6ngondoskod\u00e1si vagy egy\u00e9b befektet\u00e9si c\u00e9lzattal v\u00e1s\u00e1rol lak\u00e1st B\u00e9csben \u00e9s likvid vagyon\u00e1t ingatlanra cser\u00e9li, egyszerre k\u00e9t \u00f3ri\u00e1si el\u0151nyre is szert tesz:<\/p>\n<p><strong>1. Befektet\u00e9se v\u00e9dve lesz az infl\u00e1ci\u00f3t\u00f3l<\/strong><\/p>\n<p>Ha napjainkban valaki bankbet\u00e9tben tartja a p\u00e9nz\u00e9t, annak sz\u00e1molni kell azzal, hogy vagyona vesz\u00edthet \u00e9rt\u00e9k\u00e9b\u0151l. Hangs\u00falyozottan igaz ez napjaink gazdas\u00e1gi helyzet\u00e9ben, amikor a bankok rendk\u00edv\u00fcl alacsony, sok esetben negat\u00edv kamatokat tudnak csup\u00e1n k\u00edn\u00e1lni az \u00fcgyfeleknek. Ezzel ellent\u00e9tben az ingatlanv\u00e1s\u00e1rl\u00e1ssal egy\u00fattal a j\u00f6v\u0151j\u00e9be is inveszt\u00e1l.<\/p>\n<p>Az elm\u00falt 15 \u00e9vben B\u00e9cs lak\u00e1spiaci helyzete egy\u00e9rtelm\u0171 \u00e9s \u00e1lland\u00f3 tendenci\u00e1t mutatott: az ingatlanok \u00e9rt\u00e9kn\u00f6veked\u00e9se minden id\u0151szakban magasabb volt, mint a mindenkori infl\u00e1ci\u00f3s r\u00e1ta. R\u00e1ad\u00e1sul a lak\u00e1sok kiad\u00e1s\u00e1b\u00f3l sz\u00e1rmaz\u00f3 j\u00f6vedelem v\u00e1s\u00e1rl\u00f3ereje is megtartotta a fogyaszt\u00f3i \u00e1rindexhez k\u00e9pesti pozit\u00edv r\u00e1t\u00e1j\u00e1t.<\/p>\n<p><strong>2. \u00c9rt\u00e9k\u00e9t kev\u00e9sb\u00e9 befoly\u00e1solj\u00e1k a k\u00fcl\u00f6nb\u00f6z\u0151 gazdas\u00e1gi vagy politikai kr\u00edzisek<\/strong><\/p>\n<p>Intenz\u00edv p\u00e9nzroml\u00e1s idej\u00e9n csup\u00e1n a materi\u00e1lis javakban tartott vagyon k\u00e9pes megtartani az \u00e9rt\u00e9k\u00e9t. Gazdas\u00e1gi szakemberek szerint \u00e9pphogy szerencs\u00e9sen t\u00fal\u00e9lt\u00fcnk egy Euro-kr\u00edzist, amely testk\u00f6zelb\u0151l \u00e9rz\u00e9keltette sz\u00e1munkra ezen folyamatokat.<\/p>\n<p>A keresletalap\u00fa b\u00e9csi ingatlanpiacon \u00f6n azonban minden esetben biztos lehet a befektet\u00e9s\u00e9ben: egy \u00f6ngondoskod\u00e1si c\u00e9lzattal v\u00e1s\u00e1rolt lak\u00e1s a bankbet\u00e9ttel ellent\u00e9tben mindig biztos h\u00e1ttere marad.<\/p>\n<h3>Nem ismerem azonban az osztr\u00e1k f\u0151v\u00e1ros viszonyait \u00e9s a n\u00e9met nyelvet sem, hogyan kezdjek neki?<\/h3>\n<p>\u00c9rdemes egy megb\u00edzhat\u00f3 ingatlanirod\u00e1val egy\u00fcttm\u0171k\u00f6dve, k\u00f6r\u00fcltekint\u0151en meghoznia a d\u00f6nt\u00e9st. Egy ilyen partneri viszony, sz\u00e1mos el\u0151nnyel j\u00e1r.<\/p>\n<p><strong>Biztons\u00e1g<\/strong> \u2013 egy befektet\u00e9si ingatlan minden helyzetben biztos t\u00e1maszt jelent. Lak\u00e1sokra mindig sz\u00fcks\u00e9g lesz, az emberek k\u00e9nyelmes \u00e9s biztons\u00e1gos otthonokra v\u00e1gynak, a kereslet \u00e1lland\u00f3. Egy k\u00f6vetkez\u0151 t\u0151zsdekrach, p\u00e9nzroml\u00e1s vagy gazdas\u00e1gi v\u00e1ls\u00e1g sem k\u00e9pes ezt az alapvet\u0151 emberi ig\u00e9nyt, ez\u00e1ltal a lak\u00e1sokra val\u00f3 keresletet tart\u00f3san \u00e9s jelent\u0151sen befoly\u00e1solni. A befektet\u0151 teh\u00e1t biztos haszonnal sz\u00e1molhat.<\/p>\n<p><strong>\u00c9rt\u00e9k\u00e1ll\u00f3, kisz\u00e1m\u00edthat\u00f3 hozam<\/strong> &#8211; p\u00e9nz\u00fcnk \u00e9vr\u0151l \u00e9vre infl\u00e1ci\u00f3s vesz\u00e9lynek van kit\u00e9ve, melynek k\u00f6vetkezt\u00e9ben likvid fizet\u0151eszk\u00f6zeink v\u00e1s\u00e1rl\u00f3ereje folyamatosan romlik.\u00a0 A lak\u00e1skiad\u00e1sb\u00f3l sz\u00e1rmaz\u00f3 j\u00f6vedelem \u00e1ltal mutatott tendenci\u00e1kat figyelembe v\u00e9ve \u00e9s az eddigi tapasztalatokra t\u00e1maszkodva kijelenthet\u0151, hogy azok \u00e9rt\u00e9ke az infl\u00e1ci\u00f3 m\u00e9rt\u00e9k\u00e9t meghalad\u00f3an folyamatosan emelkedik.<\/p>\n<p><strong>Egy b\u00e9csi ingatlanbefektet\u00e9s nem ig\u00e9nyel extra id\u0151r\u00e1ford\u00edt\u00e1st<\/strong> \u2013 egy, az \u00f6ngondoskod\u00e1st szolg\u00e1l\u00f3 lak\u00e1s megv\u00e1s\u00e1rl\u00e1sa a megfelel\u0151 partner seg\u00edts\u00e9g\u00e9vel k\u00e9nyelmes \u00e9s egyszer\u0171.\u00a0 Egy j\u00f3 ingatlaniroda egy\u00e9ni ig\u00e9nyek alapj\u00e1n sz\u00e1mos olyan feladatot \u00e1tv\u00e1llal, mely \u00e1ltal a lak\u00e1skiad\u00e1sb\u00f3l sz\u00e1rmaz\u00f3 bev\u00e9telek csak j\u00f6vedelemn\u00f6veked\u00e9st jelentenek \u00d6nnek, plusz id\u0151beli r\u00e1ford\u00edt\u00e1s n\u00e9lk\u00fcl.<\/p>\n<p><strong>Ismerj\u00fck B\u00e9cset!<\/strong> &#8211;\u00a0 Ez kiemelten fontos t\u00e9nyez\u0151.\u00a0 A helyismeret komoly el\u0151nyt jelent egy befektet\u00e9si d\u00f6nt\u00e9s meghozatalakor. Fontos ismerni a saj\u00e1toss\u00e1gokat \u00e9s az egyes r\u00e9szter\u00fcletekben rejl\u0151 potenci\u00e1lt, melyek tov\u00e1bbi el\u0151ny\u00f6kh\u00f6z juttathatj\u00e1k a v\u00e1s\u00e1rl\u00f3t.<\/p>\n<p><strong>\u00c9rt\u00e9kn\u00f6veked\u00e9si potenci\u00e1l<\/strong> \u2013 j\u00f3l ismerve az osztr\u00e1k f\u0151v\u00e1rost \u00e9s annak k\u00f6rny\u00e9k\u00e9n tal\u00e1lhat\u00f3 fejleszt\u00e9si ter\u00fcleteket, komoly \u00e9rt\u00e9kn\u00f6veked\u00e9s \u00e9rhet\u0151 el okos befektet\u0151i d\u00f6nt\u00e9sekkel. Ez egy \u00e1lland\u00f3an meg\u00fajul\u00f3 potenci\u00e1l egy olyan ny\u00fczsg\u0151 metropolisban, ahol majd 40.000 lak\u00e1s \u201ehi\u00e1nyzik\u201d, \u00e9s tart\u00f3s kereslet tapasztalhat\u00f3 a lak\u00e1spiacon.<\/p>\n<h3>\u00c9rt\u00e9kmeg\u0151rz\u00e9s \u00e9s \u00e9rt\u00e9kn\u00f6veked\u00e9s<\/h3>\n<p>A fenti el\u0151ny\u00f6k mind el\u00e9rhet\u0151ek \u00e9s kiakn\u00e1zhat\u00f3ak egy okosan kiv\u00e1lasztott befektet\u00e9s megfelel\u0151 kezel\u00e9s\u00e9vel \u00e9s hasznos\u00edt\u00e1s\u00e1val. Mindezekben partnere a B\u00e9csi Ingatlanok, hogy \u00d6n, mint befektet\u0151 k\u00e9nyelmesen h\u00e1trad\u0151lhessen, a j\u00f3 d\u00f6nt\u00e9shez sz\u00fcks\u00e9ges minden inform\u00e1ci\u00f3 birtok\u00e1ban.<\/p>\n<h3>Tov\u00e1bbi inform\u00e1ci\u00f3k\u00e9rt forduljon hozz\u00e1nk bizalommal!<\/h3>\n\n<div class=\"wpcf7 no-js\" id=\"wpcf7-f123-o1\" lang=\"en-US\" dir=\"ltr\" data-wpcf7-id=\"123\">\n<div class=\"screen-reader-response\"><p role=\"status\" aria-live=\"polite\" aria-atomic=\"true\"><\/p> <ul><\/ul><\/div>\n<form action=\"\/pages\/wp-json\/wp\/v2\/pages\/78#wpcf7-f123-o1\" method=\"post\" class=\"wpcf7-form init\" aria-label=\"Contact form\" novalidate=\"novalidate\" data-status=\"init\">\n<fieldset class=\"hidden-fields-container\"><input type=\"hidden\" name=\"_wpcf7\" value=\"123\" \/><input type=\"hidden\" name=\"_wpcf7_version\" value=\"6.1.1\" \/><input type=\"hidden\" name=\"_wpcf7_locale\" value=\"en_US\" \/><input type=\"hidden\" name=\"_wpcf7_unit_tag\" value=\"wpcf7-f123-o1\" \/><input type=\"hidden\" name=\"_wpcf7_container_post\" value=\"0\" \/><input type=\"hidden\" name=\"_wpcf7_posted_data_hash\" value=\"\" \/><input type=\"hidden\" name=\"_wpcf7_recaptcha_response\" value=\"\" \/>\n<\/fieldset>\n<div class=\"contact-form-left\">\n\t<p>N\u00c9V<br \/>\n<span class=\"wpcf7-form-control-wrap\" data-name=\"your-name\"><input size=\"40\" maxlength=\"400\" class=\"wpcf7-form-control wpcf7-text wpcf7-validates-as-required\" aria-required=\"true\" aria-invalid=\"false\" value=\"\" type=\"text\" name=\"your-name\" \/><\/span><span id=\"wpcf7-69ff29b11bf11-wrapper\" class=\"wpcf7-form-control-wrap your-title-wrap\" ><input type=\"hidden\" name=\"your-title-time-start\" value=\"1778330033\"><input type=\"hidden\" name=\"your-title-time-check\" value=\"5\"><label for=\"wpcf7-69ff29b11bf11-field\" class=\"hp-message\">Please leave this field empty.<\/label><input id=\"wpcf7-69ff29b11bf11-field\"  class=\"wpcf7-form-control wpcf7-text\" type=\"text\" name=\"your-title\" value=\"\" size=\"40\" tabindex=\"-1\" autocomplete=\"new-password\" \/><\/span>\n\t<\/p>\n\t<p>EMAIL C\u00cdM<br \/>\n<span class=\"wpcf7-form-control-wrap\" data-name=\"your-email\"><input size=\"40\" maxlength=\"400\" class=\"wpcf7-form-control wpcf7-email wpcf7-validates-as-required wpcf7-text wpcf7-validates-as-email\" aria-required=\"true\" aria-invalid=\"false\" value=\"\" type=\"email\" name=\"your-email\" \/><\/span>\n\t<\/p>\n\t<p>TELEFON<br \/>\n<span class=\"wpcf7-form-control-wrap\" data-name=\"your-phone\"><input size=\"40\" maxlength=\"400\" class=\"wpcf7-form-control wpcf7-tel wpcf7-validates-as-required wpcf7-text wpcf7-validates-as-tel\" aria-required=\"true\" aria-invalid=\"false\" value=\"\" type=\"tel\" name=\"your-phone\" \/><\/span>\n\t<\/p>\n\t<p>BEFEKTET\u00c9SI \u00d6SSZEG<br \/>\n<span class=\"wpcf7-form-control-wrap\" data-name=\"menu-397\"><select class=\"wpcf7-form-control wpcf7-select\" aria-invalid=\"false\" name=\"menu-397\"><option value=\"300.000 - 400.000 EUR\">300.000 - 400.000 EUR<\/option><option value=\"400.000 \u2013 500.000 EUR\">400.000 \u2013 500.000 EUR<\/option><option value=\"500.000 EUR felett\">500.000 EUR felett<\/option><\/select><\/span>\n\t<\/p>\n<\/div>\n<div class=\"contact-form-left\">\n\t<p>MEGJEGYZ\u00c9S<br \/>\n<span class=\"wpcf7-form-control-wrap\" data-name=\"your-message\"><textarea cols=\"40\" rows=\"10\" maxlength=\"2000\" class=\"wpcf7-form-control wpcf7-textarea wpcf7-validates-as-required\" aria-required=\"true\" aria-invalid=\"false\" name=\"your-message\"><\/textarea><\/span>\n\t<\/p>\n\t<p><span class=\"wpcf7-form-control-wrap\" data-name=\"quiz-609\"><label><span class=\"wpcf7-quiz-label\">Mennyi egy meg kett\u0151?<\/span> <input size=\"40\" class=\"wpcf7-form-control wpcf7-quiz\" autocomplete=\"off\" aria-required=\"true\" aria-invalid=\"false\" type=\"text\" name=\"quiz-609\" \/><\/label><input type=\"hidden\" name=\"_wpcf7_quiz_answer_quiz-609\" value=\"38ab3b2af127a87096309307a08d9010\" \/><\/span>\n\t<\/p>\n\t<div style=\"text-align:right;\">\n\t\t<p><input class=\"wpcf7-form-control wpcf7-submit has-spinner\" type=\"submit\" value=\"K\u00fcld\u00e9s\" \/>\n\t\t<\/p>\n\t<\/div>\n<\/div>\n<div class=\"clear\">\n<\/div><p style=\"display: none !important;\" class=\"akismet-fields-container\" data-prefix=\"_wpcf7_ak_\"><label>&#916;<textarea name=\"_wpcf7_ak_hp_textarea\" cols=\"45\" rows=\"8\" maxlength=\"100\"><\/textarea><\/label><input type=\"hidden\" id=\"ak_js_1\" name=\"_wpcf7_ak_js\" value=\"178\"\/><script type=\"text\/javascript\">\n\/* <![CDATA[ *\/\ndocument.getElementById( \"ak_js_1\" ).setAttribute( \"value\", ( new Date() ).getTime() );\n\/* ]]> *\/\n<\/script>\n<\/p><div class=\"wpcf7-response-output\" aria-hidden=\"true\"><\/div>\n<\/form>\n<\/div>\n\n","protected":false},"excerpt":{"rendered":"<p>Ingatlanbefektet\u00e9s B\u00e9csben? Egy\u00e9rtelm\u0171en j\u00f3 d\u00f6nt\u00e9s! mert befektet\u00e9se \u00e9rt\u00e9ke v\u00e9dve lesz a mindenkori infl\u00e1ci\u00f3t\u00f3l mert \u00e9rt\u00e9k\u00e1ll\u00f3 \u00e9s garant\u00e1lt az \u00e1lland\u00f3 \u00e9rt\u00e9kn\u00f6veked\u00e9s mert kisz\u00e1m\u00edthat\u00f3 \u00e9s biztos hozamot jelent \u00d6nnek mert megfelel\u0151 hasznos\u00edt\u00e1s \u00e1ltal \u00d6n extra j\u00f6vedelemre tesz szert Amikor valaki \u00f6ngondoskod\u00e1si vagy egy\u00e9b befektet\u00e9si c\u00e9lzattal v\u00e1s\u00e1rol lak\u00e1st B\u00e9csben \u00e9s likvid vagyon\u00e1t ingatlanra cser\u00e9li, egyszerre k\u00e9t \u00f3ri\u00e1si el\u0151nyre [&hellip;]<\/p>\n","protected":false},"author":1,"featured_media":0,"parent":0,"menu_order":0,"comment_status":"closed","ping_status":"closed","template":"","meta":{"inline_featured_image":false,"footnotes":""},"class_list":["post-78","page","type-page","status-publish","hentry"],"yoast_head":"<!-- This site is optimized with the Yoast SEO plugin v25.7 - https:\/\/yoast.com\/wordpress\/plugins\/seo\/ -->\n<title>Biztos hozam - B\u00e9csi Ingatlanok<\/title>\n<meta name=\"robots\" content=\"index, follow, max-snippet:-1, max-image-preview:large, max-video-preview:-1\" \/>\n<link rel=\"canonical\" href=\"https:\/\/becsingatlan.com\/pages\/biztos-hozam\/\" \/>\n<meta property=\"og:locale\" content=\"en_US\" \/>\n<meta property=\"og:type\" content=\"article\" \/>\n<meta property=\"og:title\" content=\"Biztos hozam - B\u00e9csi Ingatlanok\" \/>\n<meta property=\"og:description\" content=\"Ingatlanbefektet\u00e9s B\u00e9csben? Egy\u00e9rtelm\u0171en j\u00f3 d\u00f6nt\u00e9s! mert befektet\u00e9se \u00e9rt\u00e9ke v\u00e9dve lesz a mindenkori infl\u00e1ci\u00f3t\u00f3l mert \u00e9rt\u00e9k\u00e1ll\u00f3 \u00e9s garant\u00e1lt az \u00e1lland\u00f3 \u00e9rt\u00e9kn\u00f6veked\u00e9s mert kisz\u00e1m\u00edthat\u00f3 \u00e9s biztos hozamot jelent \u00d6nnek mert megfelel\u0151 hasznos\u00edt\u00e1s \u00e1ltal \u00d6n extra j\u00f6vedelemre tesz szert Amikor valaki \u00f6ngondoskod\u00e1si vagy egy\u00e9b befektet\u00e9si c\u00e9lzattal v\u00e1s\u00e1rol lak\u00e1st B\u00e9csben \u00e9s likvid vagyon\u00e1t ingatlanra cser\u00e9li, egyszerre k\u00e9t \u00f3ri\u00e1si el\u0151nyre [&hellip;]\" \/>\n<meta property=\"og:url\" content=\"https:\/\/becsingatlan.com\/pages\/biztos-hozam\/\" \/>\n<meta property=\"og:site_name\" content=\"B\u00e9csi Ingatlanok\" \/>\n<meta property=\"article:publisher\" content=\"https:\/\/www.facebook.com\/becsingatlanok\/\" \/>\n<meta property=\"article:modified_time\" content=\"2024-08-02T15:32:44+00:00\" \/>\n<meta name=\"twitter:card\" content=\"summary_large_image\" \/>\n<meta name=\"twitter:label1\" content=\"Est. reading time\" \/>\n\t<meta name=\"twitter:data1\" content=\"3 minutes\" \/>\n<script type=\"application\/ld+json\" class=\"yoast-schema-graph\">{\"@context\":\"https:\/\/schema.org\",\"@graph\":[{\"@type\":\"WebPage\",\"@id\":\"https:\/\/becsingatlan.com\/pages\/biztos-hozam\/\",\"url\":\"https:\/\/becsingatlan.com\/pages\/biztos-hozam\/\",\"name\":\"Biztos hozam - B\u00e9csi Ingatlanok\",\"isPartOf\":{\"@id\":\"https:\/\/becsingatlan.com\/pages\/#website\"},\"datePublished\":\"2017-01-14T12:17:54+00:00\",\"dateModified\":\"2024-08-02T15:32:44+00:00\",\"breadcrumb\":{\"@id\":\"https:\/\/becsingatlan.com\/pages\/biztos-hozam\/#breadcrumb\"},\"inLanguage\":\"en-US\",\"potentialAction\":[{\"@type\":\"ReadAction\",\"target\":[\"https:\/\/becsingatlan.com\/pages\/biztos-hozam\/\"]}]},{\"@type\":\"BreadcrumbList\",\"@id\":\"https:\/\/becsingatlan.com\/pages\/biztos-hozam\/#breadcrumb\",\"itemListElement\":[{\"@type\":\"ListItem\",\"position\":1,\"name\":\"Home\",\"item\":\"https:\/\/becsingatlan.com\/pages\/\"},{\"@type\":\"ListItem\",\"position\":2,\"name\":\"Biztos hozam\"}]},{\"@type\":\"WebSite\",\"@id\":\"https:\/\/becsingatlan.com\/pages\/#website\",\"url\":\"https:\/\/becsingatlan.com\/pages\/\",\"name\":\"B\u00e9csi Ingatlanok\",\"description\":\"\",\"potentialAction\":[{\"@type\":\"SearchAction\",\"target\":{\"@type\":\"EntryPoint\",\"urlTemplate\":\"https:\/\/becsingatlan.com\/pages\/?s={search_term_string}\"},\"query-input\":{\"@type\":\"PropertyValueSpecification\",\"valueRequired\":true,\"valueName\":\"search_term_string\"}}],\"inLanguage\":\"en-US\"}]}<\/script>\n<!-- \/ Yoast SEO plugin. -->","yoast_head_json":{"title":"Biztos hozam - B\u00e9csi Ingatlanok","robots":{"index":"index","follow":"follow","max-snippet":"max-snippet:-1","max-image-preview":"max-image-preview:large","max-video-preview":"max-video-preview:-1"},"canonical":"https:\/\/becsingatlan.com\/pages\/biztos-hozam\/","og_locale":"en_US","og_type":"article","og_title":"Biztos hozam - B\u00e9csi Ingatlanok","og_description":"Ingatlanbefektet\u00e9s B\u00e9csben? Egy\u00e9rtelm\u0171en j\u00f3 d\u00f6nt\u00e9s! mert befektet\u00e9se \u00e9rt\u00e9ke v\u00e9dve lesz a mindenkori infl\u00e1ci\u00f3t\u00f3l mert \u00e9rt\u00e9k\u00e1ll\u00f3 \u00e9s garant\u00e1lt az \u00e1lland\u00f3 \u00e9rt\u00e9kn\u00f6veked\u00e9s mert kisz\u00e1m\u00edthat\u00f3 \u00e9s biztos hozamot jelent \u00d6nnek mert megfelel\u0151 hasznos\u00edt\u00e1s \u00e1ltal \u00d6n extra j\u00f6vedelemre tesz szert Amikor valaki \u00f6ngondoskod\u00e1si vagy egy\u00e9b befektet\u00e9si c\u00e9lzattal v\u00e1s\u00e1rol lak\u00e1st B\u00e9csben \u00e9s likvid vagyon\u00e1t ingatlanra cser\u00e9li, egyszerre k\u00e9t \u00f3ri\u00e1si el\u0151nyre [&hellip;]","og_url":"https:\/\/becsingatlan.com\/pages\/biztos-hozam\/","og_site_name":"B\u00e9csi Ingatlanok","article_publisher":"https:\/\/www.facebook.com\/becsingatlanok\/","article_modified_time":"2024-08-02T15:32:44+00:00","twitter_card":"summary_large_image","twitter_misc":{"Est. reading time":"3 minutes"},"schema":{"@context":"https:\/\/schema.org","@graph":[{"@type":"WebPage","@id":"https:\/\/becsingatlan.com\/pages\/biztos-hozam\/","url":"https:\/\/becsingatlan.com\/pages\/biztos-hozam\/","name":"Biztos hozam - B\u00e9csi Ingatlanok","isPartOf":{"@id":"https:\/\/becsingatlan.com\/pages\/#website"},"datePublished":"2017-01-14T12:17:54+00:00","dateModified":"2024-08-02T15:32:44+00:00","breadcrumb":{"@id":"https:\/\/becsingatlan.com\/pages\/biztos-hozam\/#breadcrumb"},"inLanguage":"en-US","potentialAction":[{"@type":"ReadAction","target":["https:\/\/becsingatlan.com\/pages\/biztos-hozam\/"]}]},{"@type":"BreadcrumbList","@id":"https:\/\/becsingatlan.com\/pages\/biztos-hozam\/#breadcrumb","itemListElement":[{"@type":"ListItem","position":1,"name":"Home","item":"https:\/\/becsingatlan.com\/pages\/"},{"@type":"ListItem","position":2,"name":"Biztos hozam"}]},{"@type":"WebSite","@id":"https:\/\/becsingatlan.com\/pages\/#website","url":"https:\/\/becsingatlan.com\/pages\/","name":"B\u00e9csi Ingatlanok","description":"","potentialAction":[{"@type":"SearchAction","target":{"@type":"EntryPoint","urlTemplate":"https:\/\/becsingatlan.com\/pages\/?s={search_term_string}"},"query-input":{"@type":"PropertyValueSpecification","valueRequired":true,"valueName":"search_term_string"}}],"inLanguage":"en-US"}]}},"_links":{"self":[{"href":"https:\/\/becsingatlan.com\/pages\/wp-json\/wp\/v2\/pages\/78","targetHints":{"allow":["GET"]}}],"collection":[{"href":"https:\/\/becsingatlan.com\/pages\/wp-json\/wp\/v2\/pages"}],"about":[{"href":"https:\/\/becsingatlan.com\/pages\/wp-json\/wp\/v2\/types\/page"}],"author":[{"embeddable":true,"href":"https:\/\/becsingatlan.com\/pages\/wp-json\/wp\/v2\/users\/1"}],"replies":[{"embeddable":true,"href":"https:\/\/becsingatlan.com\/pages\/wp-json\/wp\/v2\/comments?post=78"}],"version-history":[{"count":8,"href":"https:\/\/becsingatlan.com\/pages\/wp-json\/wp\/v2\/pages\/78\/revisions"}],"predecessor-version":[{"id":1823,"href":"https:\/\/becsingatlan.com\/pages\/wp-json\/wp\/v2\/pages\/78\/revisions\/1823"}],"wp:attachment":[{"href":"https:\/\/becsingatlan.com\/pages\/wp-json\/wp\/v2\/media?parent=78"}],"curies":[{"name":"wp","href":"https:\/\/api.w.org\/{rel}","templated":true}]}}